{"id":10,"date":"2013-09-27T17:49:13","date_gmt":"2013-09-27T17:49:13","guid":{"rendered":"http:\/\/schneider-ursprung.de\/?page_id=10"},"modified":"2018-05-14T14:43:18","modified_gmt":"2018-05-14T14:43:18","slug":"markus-schneider-ursprung","status":"publish","type":"page","link":"http:\/\/schneider-ursprung.de\/?page_id=10","title":{"rendered":"Markus Schneider Ursprung"},"content":{"rendered":"<p>Der Einstieg in die Welt der Rotweine f\u00e4ngt bei Markus Schneider beim Ursprung an. Der Ursprung ist mollig, rund und samtig. Einfach ein Wein, der jedem schmecken soll. Markus Schneider wollte mit dem Ursprung keinen hochtrabenden Wein schaffen sondern eher den kleinsten gemeinsamen Nenner. Eigentlich die schwerere Aufgabe, denn einen hochtrabenden Wein kann man kompromissloser gestalten. Der Markus Schneider Ursprung ist aber ein leckerer, zug\u00e4nglicher Wein, der unkompliziert ist und einfach nur Trinkvergn\u00fcgen verbreitet. Dieses Vergn\u00fcgen bereitet der Ursprung auch und das mit einem fast unschlagbaren Preis-Leistungsverh\u00e4ltnis. Der Genuss steht im Vordergrund und so soll es ja auch sein. Viele Leute lieben den Ursprung und es ist einfach Ihr Wein f\u00fcr jeden Tag. Das Markus Schneider es mit diesem Wein geschafft hat, eine breite Masse anzusprechen sieht man vor allem daran, dass sowohl Weinkenner als auch Weineinsteiger vom <a title=\"Schneider Ursprung\" href=\"http:\/\/www.genuss7.de\/Produkte\/Wein\/Rotwein\/2011er-Weingut-Markus-Schneider-Ursprung-Cuvee-trocken-QbA\">Markus Schneider Ursprung<\/a> begeistert sind. Diese Rotweincuv\u00e9e wurde in den warmen Rebparzellen des Ellerst\u00e4dtischen Feuerbergs geformt, dessen Bodenbeschaffenheit ein Mix aus Kies, Terassenschotter und Sand ist. Und gerade dieser Mix macht es aus, er speichert n\u00e4mlich an hei\u00dfen Tagen die Hitze und gibt diese erst nach und nach wieder ab. Durch diese geregelte und sehr lokale &#8220;Klimaerw\u00e4rmung&#8221; wird es den Reben optimal erm\u00f6glicht heranzureifen. Beim Ursprung kommen so einige Rebsorten zum Einsatz. Dabei sind nicht nur typisch deutsche Rebsorten, wie Portugieser und Cabernet Mitos (Eine deutsche Cabernet Sauvignon Kreuzung), sondern auch international gepr\u00e4gte Rebsorten wie Cabernet Sauvignon und Merlot. Nach alt hergebrachter Tradition, in einem gro\u00dfen offenen Holzbottich wurde der Markus Schneider Ursprung dann vergoren. Das Ergebnis flie\u00dft dann sehr sehr dunkel ins Glas. Die meisten Leute k\u00f6nnen im ersten Moment fast nicht glauben, dass es sich beim Schneider Ursprung um einen deutschen Rotwein handelt. In seinem Bukett finden wir Aromen von Pflaumen, Cassis und Kirschen,dazu Pfeffer, Schokolade, Graphit, Veilchen und Minze. Beim ersten Schluck erwartet uns ein frischer und saftiger Rotwein mit sehr viel \u00fcppiger Frucht und einer ausgepr\u00e4gten Finesse. Der Schneider Ursprung ist dabei aber auch lecker feinw\u00fcrzig und verspr\u00fcht jede Menge Charme. Sein ausgesprochen langer Nachhall ist fast unendlich lang. Der Ursprung hat alles, er ist unkompliziert und anspruchsvoll zugleich. Solche Weine wie der Markus Schneider Ursprung hat es in Deutschland vorher nicht gegeben. Markus Schneider hat damit einen Trend gesetzt, dem andere Winzer gefolgt sind.<\/p>\n","protected":false},"excerpt":{"rendered":"<p>Der Einstieg in die Welt der Rotweine f\u00e4ngt bei Markus Schneider beim Ursprung an. Der Ursprung ist mollig, rund und samtig. Einfach ein Wein, der jedem schmecken soll. Markus Schneider wollte mit dem Ursprung keinen hochtrabenden Wein schaffen sondern eher&hellip; <\/p>\n","protected":false},"author":1,"featured_media":0,"parent":0,"menu_order":0,"comment_status":"closed","ping_status":"closed","template":"","meta":{"footnotes":""},"class_list":["post-10","page","type-page","status-publish","hentry"],"_links":{"self":[{"href":"http:\/\/schneider-ursprung.de\/index.php?rest_route=\/wp\/v2\/pages\/10","targetHints":{"allow":["GET"]}}],"collection":[{"href":"http:\/\/schneider-ursprung.de\/index.php?rest_route=\/wp\/v2\/pages"}],"about":[{"href":"http:\/\/schneider-ursprung.de\/index.php?rest_route=\/wp\/v2\/types\/page"}],"author":[{"embeddable":true,"href":"http:\/\/schneider-ursprung.de\/index.php?rest_route=\/wp\/v2\/users\/1"}],"replies":[{"embeddable":true,"href":"http:\/\/schneider-ursprung.de\/index.php?rest_route=%2Fwp%2Fv2%2Fcomments&post=10"}],"version-history":[{"count":3,"href":"http:\/\/schneider-ursprung.de\/index.php?rest_route=\/wp\/v2\/pages\/10\/revisions"}],"predecessor-version":[{"id":13,"href":"http:\/\/schneider-ursprung.de\/index.php?rest_route=\/wp\/v2\/pages\/10\/revisions\/13"}],"wp:attachment":[{"href":"http:\/\/schneider-ursprung.de\/index.php?rest_route=%2Fwp%2Fv2%2Fmedia&parent=10"}],"curies":[{"name":"wp","href":"https:\/\/api.w.org\/{rel}","templated":true}]}}