{"id":5,"date":"2013-09-27T13:56:55","date_gmt":"2013-09-27T13:56:55","guid":{"rendered":"http:\/\/schneider-ursprung.de\/?page_id=5"},"modified":"2018-05-14T14:43:17","modified_gmt":"2018-05-14T14:43:17","slug":"impressum","status":"publish","type":"page","link":"http:\/\/schneider-ursprung.de\/?page_id=5","title":{"rendered":"Impressum"},"content":{"rendered":"<p>Guido Lindemeyer<br \/>\nSophienweg 7<\/p>\n<p>71144 Steinenbronn<\/p>\n<p>Tel.: 07157538863<\/p>\n<p>eMail : webmaster(at)schneider-ursprung.de<\/p>\n<h2>Haftungsausschluss<\/h2>\n<p>Der Betreiber der Seite \u00fcbernimmt keinerlei Gew\u00e4hr f\u00fcr die Aktualit\u00e4t, Korrektheit, Vollst\u00e4ndigkeit oder Qualit\u00e4t der bereitgestellten Informationen. Haftungsanspr\u00fcche gegen den Betreiber, welche sich auf Sch\u00e4den materieller oder ideeller Art beziehen, die durch die Nutzung oder Nichtnutzung der dargebotenen Informationen bzw. durch die Nutzung fehlerhafter und unvollst\u00e4ndiger Informationen verursacht wurden, sind grunds\u00e4tzlich ausgeschlossen, sofern seitens des Betreibers kein nachweislich vors\u00e4tzliches oder grob fahrl\u00e4ssiges Verschulden vorliegt. Alle Angebote sind freibleibend und unverbindlich. Der Betreiber dieser Webseite beh\u00e4lt es sich ausdr\u00fccklich vor, Teile der Seiten oder das gesamte Angebot ohne gesonderte Ank\u00fcndigung zu ver\u00e4ndern, zu erg\u00e4nzen, zu l\u00f6schen oder die Ver\u00f6ffentlichung zeitweise oder endg\u00fcltig einzustellen.<\/p>\n","protected":false},"excerpt":{"rendered":"<p>Guido Lindemeyer Sophienweg 7 71144 Steinenbronn Tel.: 07157538863 eMail : webmaster(at)schneider-ursprung.de Haftungsausschluss Der Betreiber der Seite \u00fcbernimmt keinerlei Gew\u00e4hr f\u00fcr die Aktualit\u00e4t, Korrektheit, Vollst\u00e4ndigkeit oder Qualit\u00e4t der bereitgestellten Informationen. Haftungsanspr\u00fcche gegen den Betreiber, welche sich auf Sch\u00e4den materieller oder ideeller&hellip; <\/p>\n","protected":false},"author":1,"featured_media":0,"parent":0,"menu_order":0,"comment_status":"closed","ping_status":"closed","template":"","meta":{"footnotes":""},"class_list":["post-5","page","type-page","status-publish","hentry"],"_links":{"self":[{"href":"http:\/\/schneider-ursprung.de\/index.php?rest_route=\/wp\/v2\/pages\/5","targetHints":{"allow":["GET"]}}],"collection":[{"href":"http:\/\/schneider-ursprung.de\/index.php?rest_route=\/wp\/v2\/pages"}],"about":[{"href":"http:\/\/schneider-ursprung.de\/index.php?rest_route=\/wp\/v2\/types\/page"}],"author":[{"embeddable":true,"href":"http:\/\/schneider-ursprung.de\/index.php?rest_route=\/wp\/v2\/users\/1"}],"replies":[{"embeddable":true,"href":"http:\/\/schneider-ursprung.de\/index.php?rest_route=%2Fwp%2Fv2%2Fcomments&post=5"}],"version-history":[{"count":1,"href":"http:\/\/schneider-ursprung.de\/index.php?rest_route=\/wp\/v2\/pages\/5\/revisions"}],"predecessor-version":[{"id":6,"href":"http:\/\/schneider-ursprung.de\/index.php?rest_route=\/wp\/v2\/pages\/5\/revisions\/6"}],"wp:attachment":[{"href":"http:\/\/schneider-ursprung.de\/index.php?rest_route=%2Fwp%2Fv2%2Fmedia&parent=5"}],"curies":[{"name":"wp","href":"https:\/\/api.w.org\/{rel}","templated":true}]}}